{"id":203,"date":"2025-12-01T01:13:34","date_gmt":"2025-12-01T01:13:34","guid":{"rendered":"http:\/\/barkatarzynka.pl\/index.php\/kontakt-3\/"},"modified":"2025-12-01T01:13:35","modified_gmt":"2025-12-01T01:13:35","slug":"kontakt-3","status":"publish","type":"page","link":"https:\/\/barkatarzynka.pl\/index.php\/kontakt-3\/","title":{"rendered":"Kontakt"},"content":{"rendered":"\n  \n    <section class=\"u-clearfix u-section-1\" id=\"sec-a81f\">\n      <div class=\"data-layout-selected u-clearfix u-expanded-width u-gutter-20 u-layout-wrap u-layout-wrap-1\">\n        <div class=\"u-layout\">\n          <div class=\"u-layout-row\">\n            <div class=\"u-container-align-center u-container-style u-image u-layout-cell u-size-30 u-image-1\" data-image-width=\"1833\" data-image-height=\"915\" data-animation-name=\"customAnimationIn\" data-animation-duration=\"2000\" data-animation-delay=\"0\" style=\"background-image: url(&quot;https:\/\/barkatarzynka.pl\/wp-content\/uploads\/2025\/12\/bis1-1.jpg&quot;);\">\n              <div class=\"u-container-layout u-container-layout-1\"><\/div>\n            <\/div>\n            <div class=\"u-container-style u-grey-5 u-layout-cell u-size-30 u-layout-cell-2\">\n              <div class=\"u-container-layout u-valign-middle u-container-layout-2\">\n                <h2 class=\"u-align-center u-text u-text-custom-color-1 u-text-default u-text-1\">Znajd\u017a nas<br style=\"\">\n                <\/h2>\n                <h5 class=\"u-align-center u-text u-text-custom-color-1 u-text-default-lg u-text-default-md u-text-default-xl u-text-2\">Gdzie JESTE<span style=\"font-weight: 700;\"><\/span>\u015aMY\n                <\/h5>\n                <p class=\"u-align-center u-text u-text-default u-text-3\"> ul. \u015awi\u0119tej Katarzyny 6<br>\n                  <br>&nbsp;87-100 Toru\u0144\n                <\/p>\n                <a href=\"https:\/\/maps.app.goo.gl\/bCvuv8mJwfxLWEzeA\" class=\"u-align-center u-btn u-button-style u-btn-1\" title=\"\u015awi\u0119tej Katarzyny 6, 87-100 Toru\u0144\" target=\"_blank\">zobacz map\u0119<br style=\"\">\n                <\/a>\n                <h5 class=\"u-align-center u-text u-text-default u-text-4\">JESTE\u015aMY OTWARCI<\/h5>\n                <p class=\"u-align-center u-text u-text-default u-text-5\">Poniedzia\u0142ek \u2013 Pi\u0105tek<br style=\"\"><span style=\"font-weight: 700;\">9:00 \u2013 18:00<\/span>\n                  <br style=\"\">\n                  <br style=\"\">Sobota\/Niedziela<br style=\"\"><span style=\"font-weight: 700;\">9:00 \u2013 18:00 <\/span>\n                <\/p>\n              <\/div>\n            <\/div>\n          <\/div>\n        <\/div>\n      <\/div>\n    <\/section>\n    <section class=\"u-clearfix u-section-2\" id=\"sec-5520\">\n      <div class=\"u-expanded-width u-grey-light-2 u-map u-map-1\">\n        <div class=\"embed-responsive\">\n          <iframe class=\"embed-responsive-item\" src=\"https:\/\/www.google.com\/maps\/embed?pb=!1m18!1m12!1m3!1d422.4950396381093!2d18.611178936685498!3d53.012602292639166!2m3!1f0!2f0!3f0!3m2!1i1024!2i768!4f13.1!3m3!1m2!1s0x470334e1bcb9513d%3A0x214142fc1b7706ef!2sBistro%20Katarzynka!5e1!3m2!1spl!2spl!4v1764381579572!5m2!1spl!2spl\" data-map=\"JTdCJTIycG9zaXRpb25UeXBlJTIyJTNBJTIybWFwLWVtYmVkJTIyJTJDJTIyYWRkcmVzcyUyMiUzQSUyMk1hbmhhdHRhbiUyQyUyME5ldyUyMFlvcmslMjIlMkMlMjJ6b29tJTIyJTNBMTAlMkMlMjJ0eXBlSWQlMjIlM0ElMjJyb2FkJTIyJTJDJTIybGFuZyUyMiUzQW51bGwlMkMlMjJhcGlLZXklMjIlM0FudWxsJTJDJTIybWFya2VycyUyMiUzQSU1QiU1RCUyQyUyMmVtYmVkJTIyJTNBJTIyaHR0cHMlM0ElMkYlMkZ3d3cuZ29vZ2xlLmNvbSUyRm1hcHMlMkZlbWJlZCUzRnBiJTNEITFtMTghMW0xMiExbTMhMWQ0MjIuNDk1MDM5NjM4MTA5MyEyZDE4LjYxMTE3ODkzNjY4NTQ5OCEzZDUzLjAxMjYwMjI5MjYzOTE2NiEybTMhMWYwITJmMCEzZjAhM20yITFpMTAyNCEyaTc2OCE0ZjEzLjEhM20zITFtMiExczB4NDcwMzM0ZTFiY2I5NTEzZCUyNTNBMHgyMTQxNDJmYzFiNzcwNmVmITJzQmlzdHJvJTI1MjBLYXRhcnp5bmthITVlMSEzbTIhMXNwbCEyc3BsITR2MTc2NDM4MTU3OTU3MiE1bTIhMXNwbCEyc3BsJTIyJTdE\"><\/iframe>\n        <\/div>\n      <\/div>\n    <\/section>\n    <section class=\"u-clearfix u-valign-bottom-lg u-valign-bottom-md u-valign-bottom-xl u-valign-top-xs u-section-3\" id=\"carousel_3042\">\n      <div class=\"data-layout-selected u-clearfix u-expanded-width u-gutter-20 u-layout-wrap u-layout-wrap-1\">\n        <div class=\"u-layout\">\n          <div class=\"u-layout-row\">\n            <div class=\"u-container-align-center-lg u-container-align-center-md u-container-align-center-sm u-container-align-center-xl u-container-style u-grey-5 u-layout-cell u-size-30 u-layout-cell-1\" data-animation-name=\"customAnimationIn\" data-animation-duration=\"2000\" data-animation-delay=\"0\">\n              <div class=\"u-container-layout u-valign-middle-lg u-valign-middle-md u-valign-middle-sm u-container-layout-1\">\n                <h2 class=\"u-align-center u-text u-text-default u-text-1\">Zapytania<\/h2>\n                <h5 class=\"u-align-center u-text u-text-default-lg u-text-default-md u-text-default-xl u-text-2\">TELEFON DO BISTRO<\/h5>\n                <p class=\"u-align-center u-text u-text-custom-color-1 u-text-default u-text-3\">+48 883 753 665<br style=\"\">\n                <\/p>\n                <h5 class=\"u-align-center u-text u-text-default-lg u-text-default-md u-text-default-sm u-text-default-xl u-text-4\">ZAPYTANIA I REZERWACJE<\/h5>\n                <p class=\"u-align-center u-text u-text-custom-color-1 u-text-default u-text-5\">+48 501 553 665 <\/p>\n              <\/div>\n            <\/div>\n            <div class=\"u-container-align-center u-container-style u-image u-layout-cell u-size-30 u-image-1\" data-image-width=\"3264\" data-image-height=\"2448\" style=\"background-image: url(&quot;https:\/\/barkatarzynka.pl\/wp-content\/uploads\/2025\/12\/IMG_5792-1.jpg&quot;);\">\n              <div class=\"u-container-layout u-container-layout-2\"><\/div>\n            <\/div>\n          <\/div>\n        <\/div>\n      <\/div>\n    <\/section>\n    \n    \n    \n    \n  \n","protected":false},"excerpt":{"rendered":"<p>Znajd\u017a nas Gdzie JESTE\u015aMY ul. \u015awi\u0119tej Katarzyny 6 &nbsp;87-100 Toru\u0144 zobacz map\u0119 JESTE\u015aMY OTWARCI Poniedzia\u0142ek \u2013 Pi\u0105tek9:00 \u2013 18:00 Sobota\/Niedziela9:00 \u2013 18:00 Zapytania TELEFON DO BISTRO +48 883 753 665 ZAPYTANIA I REZERWACJE +48 501 553 665<\/p>\n","protected":false},"author":1,"featured_media":0,"parent":0,"menu_order":4,"comment_status":"closed","ping_status":"closed","template":"","meta":{"footnotes":""},"class_list":["post-203","page","type-page","status-publish","hentry"],"_links":{"self":[{"href":"https:\/\/barkatarzynka.pl\/index.php\/wp-json\/wp\/v2\/pages\/203","targetHints":{"allow":["GET"]}}],"collection":[{"href":"https:\/\/barkatarzynka.pl\/index.php\/wp-json\/wp\/v2\/pages"}],"about":[{"href":"https:\/\/barkatarzynka.pl\/index.php\/wp-json\/wp\/v2\/types\/page"}],"author":[{"embeddable":true,"href":"https:\/\/barkatarzynka.pl\/index.php\/wp-json\/wp\/v2\/users\/1"}],"replies":[{"embeddable":true,"href":"https:\/\/barkatarzynka.pl\/index.php\/wp-json\/wp\/v2\/comments?post=203"}],"version-history":[{"count":1,"href":"https:\/\/barkatarzynka.pl\/index.php\/wp-json\/wp\/v2\/pages\/203\/revisions"}],"predecessor-version":[{"id":213,"href":"https:\/\/barkatarzynka.pl\/index.php\/wp-json\/wp\/v2\/pages\/203\/revisions\/213"}],"wp:attachment":[{"href":"https:\/\/barkatarzynka.pl\/index.php\/wp-json\/wp\/v2\/media?parent=203"}],"curies":[{"name":"wp","href":"https:\/\/api.w.org\/{rel}","templated":true}]}}