{"id":201,"date":"2025-12-01T01:13:32","date_gmt":"2025-12-01T01:13:32","guid":{"rendered":"http:\/\/barkatarzynka.pl\/index.php\/restaurant-menu-3\/"},"modified":"2025-12-01T01:13:35","modified_gmt":"2025-12-01T01:13:35","slug":"restaurant-menu-3","status":"publish","type":"page","link":"https:\/\/barkatarzynka.pl\/index.php\/restaurant-menu-3\/","title":{"rendered":"Restaurant Menu"},"content":{"rendered":"\n  \n    <section class=\"u-clearfix u-valign-top u-section-1\" id=\"sec-d107\">\n      <div class=\"data-layout-selected u-clearfix u-expanded-width u-gutter-20 u-layout-wrap u-layout-wrap-1\">\n        <div class=\"u-layout\" style=\"\">\n          <div class=\"u-layout-row\" style=\"\">\n            <div class=\"u-container-align-center u-container-style u-image u-layout-cell u-size-30 u-image-1\" data-image-width=\"5184\" data-image-height=\"2916\" style=\"background-image: url(&quot;https:\/\/barkatarzynka.pl\/wp-content\/uploads\/2025\/12\/jajecznicaz4jajnaboczkupomidorzcebulk-1.jpg&quot;);\">\n              <div class=\"u-container-layout u-container-layout-1\"><\/div>\n            <\/div>\n            <div class=\"u-container-style u-grey-5 u-layout-cell u-size-30 u-layout-cell-2\">\n              <div class=\"u-container-layout u-valign-middle-xs u-valign-top-lg u-valign-top-md u-valign-top-sm u-container-layout-2\">\n                <p class=\"u-align-center u-text u-text-default u-text-1\"><span style=\"font-weight: 700;\"> ZESTAWY \u015aNIADANIOWE<\/span>\n                  <br> 1.\njajecznica z 2 jaj na ma\u015ble, pomidor,&nbsp;<br>og\u00f3rek, bu\u0142ka, mas\u0142o -\n19,00 z\u0142&nbsp;<br>2.\njajecznica z 3 jaj na ma\u015ble, pomidor z cebulk\u0105,&nbsp;<br>2 bu\u0142ki, mas\u0142o,\nd\u017cem - 22,00 z\u0142&nbsp;<br>3.\njajecznica z 4 jaj na boczku, pomidor z cebulk\u0105,&nbsp;<br>2 bu\u0142ki, mas\u0142o,\nd\u017cem - 27,00 z\u0142&nbsp;<br>4.\n2 jaja sadzone, 2 plastry bekonu (lub szynki lub sera) pomidor,\nog\u00f3rek, 2<br>&nbsp;bu\u0142ki, mas\u0142o, d\u017cem - 23,00 z\u0142&nbsp;<br>5.\n3 frankfurterki, ketchup lub musztarda, 2 bu\u0142ki, mas\u0142o,&nbsp;<br>pomidor,\nog\u00f3rek, d\u017cem - 23,00 z\u0142&nbsp;<br>6.\n2 frankfurterki, ketchup, bu\u0142ka, mas\u0142o, pomidor, og\u00f3rek - 20,00 z\u0142&nbsp;<br>7.\njajecznica z trzech jaj z \u0142ososiem i cebulk\u0105 na ma\u015ble,&nbsp;<br>pomidor lub\nog\u00f3rek, 2 bu\u0142ki, mas\u0142o, d\u017cem \u2013 30,00 z\u0142&nbsp;<br>\n                  <br><span style=\"font-weight: 700;\">8.\n\u015aniadanie dla go\u015bci Apartament\u00f3w Katarzynka: 20,00 z\u0142<\/span>\n                  <br>\n                  <br>\n                  <br>\n                  <br>\n                <\/p>\n              <\/div>\n            <\/div>\n          <\/div>\n        <\/div>\n      <\/div>\n    <\/section>\n    <section class=\"u-clearfix u-section-2\" id=\"sec-7cd0\">\n      <div class=\"data-layout-selected u-clearfix u-expanded-width u-layout-wrap u-layout-wrap-1\">\n        <div class=\"u-layout\">\n          <div class=\"u-layout-row\">\n            <div class=\"u-container-align-center u-container-style u-image u-layout-cell u-size-20 u-image-1\" data-image-width=\"4000\" data-image-height=\"2667\" style=\"background-image: url(&quot;https:\/\/barkatarzynka.pl\/wp-content\/uploads\/2025\/12\/fasolkapobretosku-1.jpg&quot;);\">\n              <div class=\"u-container-layout u-container-layout-1\"><\/div>\n            <\/div>\n            <div class=\"u-container-style u-layout-cell u-size-20 u-layout-cell-2\">\n              <div class=\"u-container-layout u-valign-bottom-lg u-valign-bottom-md u-valign-bottom-sm u-valign-bottom-xs u-container-layout-2\">\n                <img decoding=\"async\" class=\"u-absolute-hcenter u-expanded u-image u-image-default\" src=\"https:\/\/barkatarzynka.pl\/wp-content\/uploads\/2025\/12\/barszczukraiski-1.jpg\" alt=\"\" data-image-width=\"4000\" data-image-height=\"2667\">\n              <\/div>\n            <\/div>\n            <div class=\"u-container-style u-layout-cell u-size-20 u-layout-cell-3\">\n              <div class=\"u-container-layout u-valign-middle-lg u-valign-middle-md u-valign-middle-sm u-valign-middle-xs u-container-layout-3\">\n                <img decoding=\"async\" class=\"u-absolute-hcenter u-expanded u-image u-image-default\" src=\"https:\/\/barkatarzynka.pl\/wp-content\/uploads\/2025\/12\/strogonowwoowy-1.jpg\" alt=\"\" data-image-width=\"4000\" data-image-height=\"2667\">\n              <\/div>\n            <\/div>\n          <\/div>\n        <\/div>\n      <\/div>\n    <\/section>\n    <section class=\"u-clearfix u-valign-bottom-lg u-valign-bottom-md u-valign-bottom-sm u-section-3\" id=\"carousel_bcf5\">\n      <div class=\"data-layout-selected u-clearfix u-expanded-width u-gutter-20 u-layout-wrap u-layout-wrap-1\">\n        <div class=\"u-layout\">\n          <div class=\"u-layout-row\">\n            <div class=\"u-container-style u-grey-5 u-layout-cell u-size-30 u-layout-cell-1\">\n              <div class=\"u-container-layout u-valign-middle-xl u-valign-top-lg u-valign-top-md u-valign-top-sm u-valign-top-xs u-container-layout-1\">\n                <p class=\"u-align-center u-text u-text-1\"><span style=\"font-weight: 700;\"> ZUPY<\/span>\n                  <br> 1.   \tROS\u00d3\u0141 Z KACZKI Z MAKARONEM \t\t400 ml<span style=\"font-weight: 700;\"> 12,00 z\u0142 <\/span>\n                  <br>2.   \tPOMIDOROWA Z MAKARONEM\t\t400 ml <span style=\"font-weight: 700;\">12,00 z\u0142 <\/span>\n                  <br>3.   \tPIECZARKOWA Z MAKARONEM\t\t400 ml <span style=\"font-weight: 700;\">12,00 z\u0142 <\/span>\n                  <br>4.   \tOG\u00d3RKOWA\t\t\t\t\t400 ml <span style=\"font-weight: 700;\">12,00 z\u0142 <\/span>\n                  <br>5.\tJARZYNOWA\t\t\t\t\t400 ml <span style=\"font-weight: 700;\">12,00 z\u0142 <\/span>\n                  <br>6.   \tBROKU\u0141OWA\t\t\t\t\t400 ml <span style=\"font-weight: 700;\">12,00 z\u0142 <\/span>\n                  <br>7.   \tKALAFIOROWA\t\t\t\t400 ml <span style=\"font-weight: 700;\">12,00 z\u0142 <\/span>\n                  <br>8.   \tKRUPNIK\t\t\t\t\t400 ml <span style=\"font-weight: 700;\">12,00 z\u0142 <\/span>\n                  <br>9.   \tKRUPNIK PO KASZUBSKU\t\t\t400 ml \t1<span style=\"font-weight: 700;\">5,00 z\u0142 <\/span>\n                  <br>10. \t\u017bUREK Z JAJAKIEM \t\t\t\t400 ml <span style=\"font-weight: 700;\">15,00 z\u0142 <\/span>\n                  <br>11. \tGROCHOWA \t\t\t\t\t400 ml <span style=\"font-weight: 700;\">15,00 z\u0142 <\/span>\n                  <br>12. \tBARSZCZ UKRAI\u0143SKI \t\t\t400 ml <span style=\"font-weight: 700;\">15,00 z\u0142 <\/span>\n                  <br>13. \tKAPU\u015aNIAK CH\u0141OPSKI \t\t\t400 ml <span style=\"font-weight: 700;\">15,00 z\u0142 <\/span>\n                  <br>14. \tKREM Z DYNI \t\t\t\t400 ml <span style=\"font-weight: 700;\">15,00 z\u0142 <\/span>\n                  <br>15. \tCH\u0141ODNIK \t\t\t\t\t400 ml <span style=\"font-weight: 700;\">15,00 z\u0142 <\/span>\n                  <br>16. \tBOTWINKA Z JAJKIEM \t\t\t400 ml <span style=\"font-weight: 700;\">15,00 z\u0142 <\/span>\n                  <br>17. \tSZCZAWIOWA Z JAJKIEM\t\t\t400 ml <span style=\"font-weight: 700;\">15,00 z\u0142 <\/span>\n                  <br>18. \tFLACZKI\t\t\t\t\t400 ml <span style=\"font-weight: 700;\">18,00 z\u0142 <\/span>\n                  <br>19. \tGULASZOWA\t\t\t\t\t400 ml <span style=\"font-weight: 700;\">18,00 z\u0142 <\/span>\n                  <br>20. \tW\u0118GIERSKA \t\t\t\t\t400 ml <span style=\"font-weight: 700;\">18,00 z\u0142 <\/span>\n                  <br>21. \tFASOLKA PO BRETO\u0143SKU\t\t\t400 ml <span style=\"font-weight: 700;\">18,00 z\u0142 <\/span>\n                  <br>22. \tLECZO \t\t\t\t\t400 ml <span style=\"font-weight: 700;\">18,00 z\u0142 <\/span>\n                  <br>23. \tSTROGONOW WO\u0141OWY \t\t\t400 ml <span style=\"font-weight: 700;\">35,00 z\u0142<\/span>\n                  <br>\n                  <br>\n                <\/p>\n              <\/div>\n            <\/div>\n            <div class=\"u-container-align-center u-container-style u-image u-layout-cell u-size-30 u-image-1\" data-image-width=\"4000\" data-image-height=\"2667\" style=\"background-image: url(&quot;https:\/\/barkatarzynka.pl\/wp-content\/uploads\/2025\/12\/roszkaczkizmakaronem-1.jpg&quot;);\">\n              <div class=\"u-container-layout u-container-layout-2\"><\/div>\n            <\/div>\n          <\/div>\n        <\/div>\n      <\/div>\n    <\/section>\n    <section class=\"u-clearfix u-section-4\" id=\"carousel_874a\">\n      <div class=\"data-layout-selected u-align-left u-clearfix u-expanded-width u-layout-wrap u-layout-wrap-1\">\n        <div class=\"u-layout\">\n          <div class=\"u-layout-row\">\n            <div class=\"u-container-align-center u-container-style u-image u-layout-cell u-size-20 u-image-1\" data-image-width=\"5184\" data-image-height=\"2916\" style=\"background-image: url(&quot;https:\/\/barkatarzynka.pl\/wp-content\/uploads\/2025\/12\/pierogileniwe-1.jpg&quot;);\">\n              <div class=\"u-container-layout u-container-layout-1\"><\/div>\n            <\/div>\n            <div class=\"u-container-style u-layout-cell u-size-20 u-layout-cell-2\">\n              <div class=\"u-container-layout u-valign-middle-xs u-valign-top-lg u-valign-top-md u-valign-top-sm u-container-layout-2\">\n                <h6 class=\"u-align-center u-text u-text-default u-text-1\"><span style=\"font-weight: 700;\">DANIA&nbsp; M\u0104CZNE<\/span>\n                  <br>1.   PLACEK ZIEMNIACZANY ZE SZPINAKIEM I SEREM TYPU FETA <span style=\"font-weight: 700;\">28,00 z\u0142<\/span>\n                  <br>2.   PLACKI ZIEMNIACZANE  4 SZTUKI <span style=\"font-weight: 700;\">1<span style=\"font-weight: 700;\">5,00 z\u0142 <\/span><\/span>\n                  <br>3.   PLACKI ZIEMNIACZANE Z \u0141OSOSIEM \u2013 2 SZTUKI <span style=\"font-weight: 700;\">25,00 z\u0142 <\/span>\n                  <br>4.   KLUSKI ZIEMNIACZANE Z TWAROGIEM LUB KAPUST\u0104  300g <span style=\"font-weight: 700;\">28,00 z\u0142 <\/span>\n                  <br>5.   KOPYTKA Z SOSEM 300g <span style=\"font-weight: 700;\">20,00 z\u0142 <\/span>\n                  <br>6.   PIEROGI LENIWE 300g <span style=\"font-weight: 700;\">20,00 z\u0142 <\/span>\n                  <br>7.   PIEROGI Z MI\u0118SEM 6 \/ 9 SZTUK <span style=\"font-weight: 700;\">20,00 \/ 30,00 z\u0142 <\/span>\n                  <br>8.   PIEROGI RUSKIE 6 \/ 9 SZTUK <span style=\"font-weight: 700;\">20,00 \/ 30,00 z\u0142 <\/span>\n                  <br>9.   PIEROGI Z KAPUST\u0104 I GRZYBAMI 6 \/ 9 SZTUK <span style=\"font-weight: 700;\">20,00 \/ 30,00 z\u0142 <\/span>\n                  <br>10. PIEROGI Z MALINAMI I BIA\u0141\u0104 CZEKOLAD\u0104  6 \/ 9 SZTUK <span style=\"font-weight: 700;\">20,00 \/ 30,00 z\u0142 <\/span>\n                  <br>11. PIEROGI Z TWAROGIEM I MOREL\u0104 6 \/ 9 SZTUK <span style=\"font-weight: 700;\">20,00 \/ 30,00 z\u0142 <\/span>\n                  <br>12. PIEROGI Z KURKAMI  6 \/ 9 SZTUK <span style=\"font-weight: 700;\">30,00 \/ 45,00 z\u0142 <\/span>\n                  <br>13. RACUSZKI DYNIOWE Z MIODEM 4 SZTUKI <span style=\"font-weight: 700;\">18,00 z\u0142 <\/span>\n                  <br>14. NALE\u015aNIK Z D\u017bEMEM<span style=\"font-weight: 700;\"> 8,00 z\u0142 <\/span>\n                  <br>15. NALE\u015aNIK Z TWAROGIEM <span style=\"font-weight: 700;\">9,00 z\u0142 <\/span>\n                  <br>16. NALE\u015aNIK Z KREMEM CZEKOLADOWYM <span style=\"font-weight: 700;\">9,00 z\u0142 <\/span>\n                  <br>17. NALE\u015aNIK Z BANANEM I CZEKOLAD\u0104 <span style=\"font-weight: 700;\">11,00 z\u0142 <\/span>\n                  <br>18. NALE\u015aNIK Z PIECZARKAMI, SZYNK\u0104 I SEREM<span style=\"font-weight: 700;\"> 15,00 z\u0142 <\/span>\n                  <br>19. NALE\u015aNIK ZE SZPINAKIEM I SEREM TYPU FETA <span style=\"font-weight: 700;\">12,00 z\u0142 <\/span>\n                  <br>20. NALE\u015aNIK ZE SZPINAKIEM I \u0141OSOSIEM <span style=\"font-weight: 700;\">18,00 z\u0142 <\/span>\n                  <br>21. NALE\u015aNIK Z TWAROGIEM I BRZOSKWINI\u0104\/ANANASEM <span style=\"font-weight: 700;\">13,00 z\u0142 <\/span>\n                  <br>22. PLACEK PO W\u0118GIERSKU MA\u0141Y <span style=\"font-weight: 700;\">35,00 z\u0142 <\/span>\n                  <br>23. PLACEK PO W\u0118GIERSKU DU\u017bY <span style=\"font-weight: 700;\">38,00 z\u0142<\/span>\n                <\/h6>\n              <\/div>\n            <\/div>\n            <div class=\"u-container-style u-layout-cell u-size-20 u-layout-cell-3\">\n              <div class=\"u-container-layout u-valign-top-lg u-valign-top-md u-valign-top-sm u-valign-top-xs u-container-layout-3\">\n                <img decoding=\"async\" class=\"u-absolute-hcenter u-expanded u-image u-image-default\" src=\"https:\/\/barkatarzynka.pl\/wp-content\/uploads\/2025\/12\/nalenikztwarogiemiowocamisezonowymi-1.jpg\" alt=\"\" data-image-width=\"5184\" data-image-height=\"2916\">\n              <\/div>\n            <\/div>\n          <\/div>\n        <\/div>\n      <\/div>\n    <\/section>\n    <section class=\"u-clearfix u-valign-bottom u-section-5\" id=\"sec-1c28\">\n      <div class=\"data-layout-selected u-clearfix u-expanded-width u-gutter-20 u-layout-wrap u-layout-wrap-1\">\n        <div class=\"u-layout\">\n          <div class=\"u-layout-row\">\n            <div class=\"u-container-align-center u-container-style u-image u-layout-cell u-size-30 u-image-1\" data-image-width=\"5184\" data-image-height=\"2916\" data-animation-name=\"customAnimationIn\" data-animation-duration=\"2000\" data-animation-delay=\"0\" style=\"background-image: url(&quot;https:\/\/barkatarzynka.pl\/wp-content\/uploads\/2025\/12\/placekpowgierskuduy-1.jpg&quot;);\">\n              <div class=\"u-container-layout u-container-layout-1\"><\/div>\n            <\/div>\n            <div class=\"u-container-align-center-md u-container-align-center-xs u-container-style u-grey-5 u-layout-cell u-size-30 u-layout-cell-2\">\n              <div class=\"u-container-layout u-valign-middle-lg u-valign-middle-md u-valign-middle-xs u-container-layout-2\">\n                <p class=\"u-align-center u-text u-text-default u-text-1\"><span style=\"font-weight: 700;\"><\/span><span style=\"font-weight: 700;\">DANIA MI\u0118SNE: <\/span>\n                  <br>1.   SCHABOWY PANIEROWANY <span style=\"font-weight: 700;\">20,00 z\u0142 <\/span>\n                  <br>2.   SCHABOWY S\u0141ONECZNY <span style=\"font-weight: 700;\">23,00 z\u0142 <\/span>\n                  <br>3.   SCHABOWY KATARZY\u0143SKI (PIECZARKI, SER)<span style=\"font-weight: 700;\"> 25,00 z\u0142 <\/span>\n                  <br>4.   SCHAB ZAWIJANY Z SEREM<span style=\"font-weight: 700;\"> 25,00 z\u0142 <\/span>\n                  <br>5.   GULASZ WIEPRZOWY\t\t\t\t\t\t24,00 z\u0142 <br>8.   PIECZE\u0143 Z KARK\u00d3WKI W SOSIE <span style=\"font-weight: 700;\">23,00 z\u0142 <\/span>\n                  <br>9.   BITKI WIEPRZOWE W SOSIE <span style=\"font-weight: 700;\">23,00 z\u0142 <\/span>\n                  <br>10. POLICZKI WIEPRZOWE W SOSIE <span style=\"font-weight: 700;\">28,00 z\u0142 <\/span>\n                  <br>11. \u017bEBERKA W SOSIE W\u0141ASNYM <span style=\"font-weight: 700;\">25,00 z\u0142 <\/span>\n                  <br>12. KOTLETY MIELONE W SOSIE <span style=\"font-weight: 700;\">19,00 z\u0142 <\/span>\n                  <br>13. SPAGHETTI BOLOGNESE <span style=\"font-weight: 700;\">30,00 z\u0142 <\/span>\n                  <br>14. OZORKI W SOSIE CHRZANOWYM <span style=\"font-weight: 700;\">25,00 z\u0142 <\/span>\n                  <br>15. GO\u0141\u0104BEK W SOSIE POMIDOROWYM <span style=\"font-weight: 700;\">22,00 z\u0142 <\/span>\n                  <br>16. POL\u0118DWICZKI WIEPRZOWE Z KURKAMI <span style=\"font-weight: 700;\">35,00 z\u0142 <\/span>\n                  <br>17. FILET Z KURCZAKA PANIEROWANY <span style=\"font-weight: 700;\">19,00 z\u0142 <\/span>\n                  <br>18. FILET Z KURCZAKA GRILLOWANY <span style=\"font-weight: 700;\">19,00 z\u0142 <\/span>\n                  <br>19. FILET W P\u0141ATKACH KUKURYDZIANYCH <span style=\"font-weight: 700;\">20,00 z\u0142 <\/span>\n                  <br>20. FILET Z ANANASEM I SEREM <span style=\"font-weight: 700;\">24,00 z\u0142 <\/span>\n                  <br>21. FILET Z PIECZARKAMI, SZYNK\u0104 I SEREM <span style=\"font-weight: 700;\">24,00 z\u0142 <\/span>\n                  <br>22. DE VOLAILLE Z MAS\u0141EM LUB SEREM <span style=\"font-weight: 700;\">24,00 z\u0142 <\/span>\n                  <br>23. FILET Z KURCZAKA W ORZECHACH <span style=\"font-weight: 700;\">20,00 z\u0142 <\/span>\n                  <br>24. NUGETSY Z KURCZAKA <span style=\"font-weight: 700;\">23,00 z\u0142 <\/span>\n                  <br>25. UDKO Z KURCZAKA <span style=\"font-weight: 700;\">19,00 z\u0142 <\/span>\n                  <br>26. \u017bO\u0141\u0104DKI DROBIOWE <span style=\"font-weight: 700;\">19,00 z\u0142 <\/span>\n                  <br>27. POL\u0118DWICZKI Z KURCZAKA <span style=\"font-weight: 700;\">24,00 z\u0142 <\/span>\n                  <br>28. PULPETY DROBIOWE W SOSIE <span style=\"font-weight: 700;\">19,00 z\u0142 <\/span>\n                  <br>29. W\u0104TR\u00d3BKA DROBIOWA Z CEBULK\u0104 <span style=\"font-weight: 700;\">19,00 z\u0142 <\/span>\n                  <br>31. UDKO Z KACZKI <span style=\"font-weight: 700;\">25,00 z\u0142 <\/span>\n                  <br>32. UDKO Z G\u0118SI <span style=\"font-weight: 700;\">35,00 z\u0142 <\/span>\n                  <br>\n                  <br><span style=\"font-weight: 700;\">DANIA Z RYB: <\/span>\n                  <br>33. FILET Z MINTAJA PANIEROWANY <span style=\"font-weight: 700;\">24,00 z\u0142 <\/span>\n                  <br>34. FILET Z DORSZA PANIEROWANY <span style=\"font-weight: 700;\">24,00 z\u0142<\/span>\n                  <br>\n                <\/p>\n              <\/div>\n            <\/div>\n          <\/div>\n        <\/div>\n      <\/div>\n    <\/section>\n    \n    \n    \n    \n  \n","protected":false},"excerpt":{"rendered":"<p>ZESTAWY \u015aNIADANIOWE 1. jajecznica z 2 jaj na ma\u015ble, pomidor,&nbsp;og\u00f3rek, bu\u0142ka, mas\u0142o &#8211; 19,00 z\u0142&nbsp;2. jajecznica z 3 jaj na ma\u015ble, pomidor z cebulk\u0105,&nbsp;2 bu\u0142ki, mas\u0142o, d\u017cem &#8211; 22,00 z\u0142&nbsp;3. jajecznica z 4 jaj na boczku, pomidor z cebulk\u0105,&nbsp;2 bu\u0142ki, mas\u0142o, d\u017cem &#8211; 27,00 z\u0142&nbsp;4. 2 jaja sadzone, 2 plastry bekonu (lub szynki lub sera) &hellip; <a href=\"https:\/\/barkatarzynka.pl\/index.php\/restaurant-menu-3\/\" class=\"more-link\">Continue reading<span class=\"screen-reader-text\"> &#8222;Restaurant Menu&#8221;<\/span><\/a><\/p>\n","protected":false},"author":1,"featured_media":0,"parent":0,"menu_order":2,"comment_status":"closed","ping_status":"closed","template":"","meta":{"footnotes":""},"class_list":["post-201","page","type-page","status-publish","hentry"],"_links":{"self":[{"href":"https:\/\/barkatarzynka.pl\/index.php\/wp-json\/wp\/v2\/pages\/201","targetHints":{"allow":["GET"]}}],"collection":[{"href":"https:\/\/barkatarzynka.pl\/index.php\/wp-json\/wp\/v2\/pages"}],"about":[{"href":"https:\/\/barkatarzynka.pl\/index.php\/wp-json\/wp\/v2\/types\/page"}],"author":[{"embeddable":true,"href":"https:\/\/barkatarzynka.pl\/index.php\/wp-json\/wp\/v2\/users\/1"}],"replies":[{"embeddable":true,"href":"https:\/\/barkatarzynka.pl\/index.php\/wp-json\/wp\/v2\/comments?post=201"}],"version-history":[{"count":1,"href":"https:\/\/barkatarzynka.pl\/index.php\/wp-json\/wp\/v2\/pages\/201\/revisions"}],"predecessor-version":[{"id":211,"href":"https:\/\/barkatarzynka.pl\/index.php\/wp-json\/wp\/v2\/pages\/201\/revisions\/211"}],"wp:attachment":[{"href":"https:\/\/barkatarzynka.pl\/index.php\/wp-json\/wp\/v2\/media?parent=201"}],"curies":[{"name":"wp","href":"https:\/\/api.w.org\/{rel}","templated":true}]}}